{"id":78,"date":"2012-01-08T21:37:40","date_gmt":"2012-01-08T19:37:40","guid":{"rendered":"http:\/\/www.jitkon.se\/wpt\/?page_id=78"},"modified":"2025-03-18T09:28:40","modified_gmt":"2025-03-18T07:28:40","slug":"jitkon","status":"publish","type":"page","link":"https:\/\/www.jitkon.se\/wpt\/","title":{"rendered":"JitKon"},"content":{"rendered":"<p><img loading=\"lazy\" decoding=\"async\" class=\"size-full wp-image-217 alignleft\" src=\"https:\/\/www.jitkon.se\/wpt\/wp-content\/uploads\/2012\/01\/Jaksch.jpg\" alt=\"\" width=\"120\" height=\"260\" \/><\/p>\n<p>JitKon AB \u00e4r ett familjebolag som startades 2005.<\/p>\n<p>V\u00e5r aff\u00e4rsid\u00e9 \u00e4r: Att erbjuda industrin och dess konsulter\/leverant\u00f6rer specialistkompetens inom omr\u00e5dena insamling, datalagring och integrationsl\u00f6sningar i hela kedjan fr\u00e5n konstruktion till drift och underh\u00e5ll eller m\u00e4tinsamling till lagring, analys och presentation av m\u00e4tdata.<\/p>\n","protected":false},"excerpt":{"rendered":"<p>JitKon AB \u00e4r ett familjebolag som startades 2005. V\u00e5r aff\u00e4rsid\u00e9 \u00e4r: Att erbjuda industrin och dess konsulter\/leverant\u00f6rer specialistkompetens inom omr\u00e5dena insamling, datalagring och integrationsl\u00f6sningar i hela kedjan fr\u00e5n konstruktion till drift och underh\u00e5ll eller m\u00e4tinsamling till lagring, analys och presentation av m\u00e4tdata.<\/p>\n","protected":false},"author":1,"featured_media":0,"parent":0,"menu_order":1,"comment_status":"closed","ping_status":"closed","template":"","meta":{"footnotes":""},"class_list":["post-78","page","type-page","status-publish","hentry"],"_links":{"self":[{"href":"https:\/\/www.jitkon.se\/wpt\/index.php?rest_route=\/wp\/v2\/pages\/78","targetHints":{"allow":["GET"]}}],"collection":[{"href":"https:\/\/www.jitkon.se\/wpt\/index.php?rest_route=\/wp\/v2\/pages"}],"about":[{"href":"https:\/\/www.jitkon.se\/wpt\/index.php?rest_route=\/wp\/v2\/types\/page"}],"author":[{"embeddable":true,"href":"https:\/\/www.jitkon.se\/wpt\/index.php?rest_route=\/wp\/v2\/users\/1"}],"replies":[{"embeddable":true,"href":"https:\/\/www.jitkon.se\/wpt\/index.php?rest_route=%2Fwp%2Fv2%2Fcomments&post=78"}],"version-history":[{"count":23,"href":"https:\/\/www.jitkon.se\/wpt\/index.php?rest_route=\/wp\/v2\/pages\/78\/revisions"}],"predecessor-version":[{"id":327,"href":"https:\/\/www.jitkon.se\/wpt\/index.php?rest_route=\/wp\/v2\/pages\/78\/revisions\/327"}],"wp:attachment":[{"href":"https:\/\/www.jitkon.se\/wpt\/index.php?rest_route=%2Fwp%2Fv2%2Fmedia&parent=78"}],"curies":[{"name":"wp","href":"https:\/\/api.w.org\/{rel}","templated":true}]}}