{"id":182,"date":"2012-09-03T16:03:53","date_gmt":"2012-09-03T14:03:53","guid":{"rendered":"http:\/\/www.jitkon.se\/wpt\/?page_id=182"},"modified":"2020-10-19T23:37:23","modified_gmt":"2020-10-19T21:37:23","slug":"databasdesign","status":"publish","type":"page","link":"https:\/\/www.jitkon.se\/wpt\/?page_id=182","title":{"rendered":"Databasdesign"},"content":{"rendered":"<p><img loading=\"lazy\" decoding=\"async\" class=\"alignnone size-medium wp-image-117\" title=\"imagesCAP2P8AL\" src=\"http:\/\/www.jitkon.se\/wpt\/wp-content\/uploads\/2012\/01\/imagesCAP2P8AL-300x148.jpg\" alt=\"\" width=\"300\" height=\"148\" srcset=\"https:\/\/www.jitkon.se\/wpt\/wp-content\/uploads\/2012\/01\/imagesCAP2P8AL-300x148.jpg 300w, https:\/\/www.jitkon.se\/wpt\/wp-content\/uploads\/2012\/01\/imagesCAP2P8AL.jpg 319w\" sizes=\"auto, (max-width: 300px) 100vw, 300px\" \/><\/p>\n<ul>\n<li>Design av databaser (i huvudsak Microsoft SQL Server, Oracle och InfluxDB).<\/li>\n<li>Uppgradering\/migration av databasapplikationer.<\/li>\n<li>Anpassning, konfiguration och utveckling av anv\u00e4ndargr\u00e4nssnitt mot databaser.<\/li>\n<li>Vi har \u00f6ver 40 \u00e5rs erfarenhet av design, optimering och programmering av olika databaser.<\/li>\n<\/ul>\n","protected":false},"excerpt":{"rendered":"<p>Design av databaser (i huvudsak Microsoft SQL Server, Oracle och InfluxDB). Uppgradering\/migration av databasapplikationer. Anpassning, konfiguration och utveckling av anv\u00e4ndargr\u00e4nssnitt mot databaser. Vi har \u00f6ver 40 \u00e5rs erfarenhet av design, optimering och programmering av olika databaser.<\/p>\n","protected":false},"author":4,"featured_media":0,"parent":177,"menu_order":0,"comment_status":"closed","ping_status":"closed","template":"","meta":{"footnotes":""},"class_list":["post-182","page","type-page","status-publish","hentry"],"_links":{"self":[{"href":"https:\/\/www.jitkon.se\/wpt\/index.php?rest_route=\/wp\/v2\/pages\/182","targetHints":{"allow":["GET"]}}],"collection":[{"href":"https:\/\/www.jitkon.se\/wpt\/index.php?rest_route=\/wp\/v2\/pages"}],"about":[{"href":"https:\/\/www.jitkon.se\/wpt\/index.php?rest_route=\/wp\/v2\/types\/page"}],"author":[{"embeddable":true,"href":"https:\/\/www.jitkon.se\/wpt\/index.php?rest_route=\/wp\/v2\/users\/4"}],"replies":[{"embeddable":true,"href":"https:\/\/www.jitkon.se\/wpt\/index.php?rest_route=%2Fwp%2Fv2%2Fcomments&post=182"}],"version-history":[{"count":9,"href":"https:\/\/www.jitkon.se\/wpt\/index.php?rest_route=\/wp\/v2\/pages\/182\/revisions"}],"predecessor-version":[{"id":319,"href":"https:\/\/www.jitkon.se\/wpt\/index.php?rest_route=\/wp\/v2\/pages\/182\/revisions\/319"}],"up":[{"embeddable":true,"href":"https:\/\/www.jitkon.se\/wpt\/index.php?rest_route=\/wp\/v2\/pages\/177"}],"wp:attachment":[{"href":"https:\/\/www.jitkon.se\/wpt\/index.php?rest_route=%2Fwp%2Fv2%2Fmedia&parent=182"}],"curies":[{"name":"wp","href":"https:\/\/api.w.org\/{rel}","templated":true}]}}