{"id":177,"date":"2012-09-03T16:01:12","date_gmt":"2012-09-03T14:01:12","guid":{"rendered":"http:\/\/www.jitkon.se\/wpt\/?page_id=177"},"modified":"2012-09-03T17:42:58","modified_gmt":"2012-09-03T15:42:58","slug":"tjanster","status":"publish","type":"page","link":"https:\/\/www.jitkon.se\/wpt\/?page_id=177","title":{"rendered":"Tj\u00e4nster"},"content":{"rendered":"<p>Vi erbjuder tj\u00e4nster inom f\u00f6ljande omr\u00e5den:<\/p>\n<ul>\n<li><a href=\"http:\/\/www.jitkon.se\/wpt\/?page_id=182\">Databasdesign<\/a><\/li>\n<li><a href=\"http:\/\/www.jitkon.se\/wpt\/?page_id=189\">Mjukvaruutveckling<\/a><\/li>\n<li><a href=\"http:\/\/www.jitkon.se\/wpt\/?page_id=194\">Konstruktionsverktyg<\/a><\/li>\n<li>Systemintegration<\/li>\n<\/ul>\n","protected":false},"excerpt":{"rendered":"<p>Vi erbjuder tj\u00e4nster inom f\u00f6ljande omr\u00e5den: Databasdesign Mjukvaruutveckling Konstruktionsverktyg Systemintegration<\/p>\n","protected":false},"author":4,"featured_media":0,"parent":0,"menu_order":0,"comment_status":"closed","ping_status":"closed","template":"","meta":{"footnotes":""},"class_list":["post-177","page","type-page","status-publish","hentry"],"_links":{"self":[{"href":"https:\/\/www.jitkon.se\/wpt\/index.php?rest_route=\/wp\/v2\/pages\/177","targetHints":{"allow":["GET"]}}],"collection":[{"href":"https:\/\/www.jitkon.se\/wpt\/index.php?rest_route=\/wp\/v2\/pages"}],"about":[{"href":"https:\/\/www.jitkon.se\/wpt\/index.php?rest_route=\/wp\/v2\/types\/page"}],"author":[{"embeddable":true,"href":"https:\/\/www.jitkon.se\/wpt\/index.php?rest_route=\/wp\/v2\/users\/4"}],"replies":[{"embeddable":true,"href":"https:\/\/www.jitkon.se\/wpt\/index.php?rest_route=%2Fwp%2Fv2%2Fcomments&post=177"}],"version-history":[{"count":5,"href":"https:\/\/www.jitkon.se\/wpt\/index.php?rest_route=\/wp\/v2\/pages\/177\/revisions"}],"predecessor-version":[{"id":216,"href":"https:\/\/www.jitkon.se\/wpt\/index.php?rest_route=\/wp\/v2\/pages\/177\/revisions\/216"}],"wp:attachment":[{"href":"https:\/\/www.jitkon.se\/wpt\/index.php?rest_route=%2Fwp%2Fv2%2Fmedia&parent=177"}],"curies":[{"name":"wp","href":"https:\/\/api.w.org\/{rel}","templated":true}]}}