{"id":170,"date":"2012-09-03T15:43:34","date_gmt":"2012-09-03T13:43:34","guid":{"rendered":"http:\/\/www.jitkon.se\/wpt\/?page_id=170"},"modified":"2016-06-03T15:34:14","modified_gmt":"2016-06-03T13:34:14","slug":"uppdrag","status":"publish","type":"page","link":"https:\/\/www.jitkon.se\/wpt\/?page_id=170","title":{"rendered":"Uppdrag"},"content":{"rendered":"<h3>Exempel p\u00e5 uppdrag<\/h3>\n<ul>\n<li>Utveckling av produkten AutArch i sammarbete med AutSyde AB\n<ul>\n<li>AutArch anv\u00e4nds f\u00f6r lagring och analys av processdata.<\/li>\n<li>AutArch \u00e4r installerad p\u00e5 ca 500 siter runt om i v\u00e4rlden och anv\u00e4nds bl.a. av processindustri och kraftindustri.<\/li>\n<\/ul>\n<\/li>\n<li>Idriftagning av PDM-system hos SKB\n<ul>\n<li>Verktyg som anv\u00e4nd \u00e4r bl.a. AutoCAD Plant 3D och Conisio.<\/li>\n<\/ul>\n<\/li>\n<li>Utveckling av en m\u00e4ngd olika databas och integrationsl\u00f6sningar \u00e5t Siemens\n<ul>\n<li>Ett antal verktyg har utvecklats runt ScadaPRO f\u00f6r m\u00e4tinsamling.<\/li>\n<\/ul>\n<\/li>\n<li>Migrering av dokumenthantering till SmarTeam, OKG<\/li>\n<li>Konvertering av dokumentationssystem, K\u00e4ppalaf\u00f6rbundet<\/li>\n<li>I samarbete med Insyde AB inf\u00f6rande av kostruktionsdatabas \u00e5t Holmen Paper Braviken<\/li>\n<li>IT-konsultations hj\u00e4lp \u00e5t Grontmij<\/li>\n<li>IT-konsultations hj\u00e4lp \u00e5t AB-\u00c5ngpannef\u00f6reningen<\/li>\n<li>I samarbete med Insyde AB effektivisera och f\u00f6rb\u00e4ttra Korsn\u00e4s Fr\u00f6vi\u2019s konstruktionsrutiner och verktyg<\/li>\n<li>Utveckling av underh\u00e5llsmodul \u00e5t Karlskoga Energi<\/li>\n<li>Utveckling av skr\u00e4ddarsydda OPC-servrar och OPC-klienter.<\/li>\n<li>Integrationsl\u00f6sningar mellan Dokumentationssystem och underh\u00e5llssystem.<\/li>\n<li>Utveckling av applikationer f\u00f6r inspelning och arkivering av video.<\/li>\n<\/ul>\n","protected":false},"excerpt":{"rendered":"<p>Exempel p\u00e5 uppdrag Utveckling av produkten AutArch i sammarbete med AutSyde AB AutArch anv\u00e4nds f\u00f6r lagring och analys av processdata. AutArch \u00e4r installerad p\u00e5 ca 500 siter runt om i v\u00e4rlden och anv\u00e4nds bl.a. av processindustri och kraftindustri. Idriftagning av PDM-system hos SKB Verktyg som anv\u00e4nd \u00e4r bl.a. AutoCAD Plant 3D och Conisio. Utveckling av [&hellip;]<\/p>\n","protected":false},"author":4,"featured_media":0,"parent":0,"menu_order":0,"comment_status":"closed","ping_status":"closed","template":"","meta":{"footnotes":""},"class_list":["post-170","page","type-page","status-publish","hentry"],"_links":{"self":[{"href":"https:\/\/www.jitkon.se\/wpt\/index.php?rest_route=\/wp\/v2\/pages\/170","targetHints":{"allow":["GET"]}}],"collection":[{"href":"https:\/\/www.jitkon.se\/wpt\/index.php?rest_route=\/wp\/v2\/pages"}],"about":[{"href":"https:\/\/www.jitkon.se\/wpt\/index.php?rest_route=\/wp\/v2\/types\/page"}],"author":[{"embeddable":true,"href":"https:\/\/www.jitkon.se\/wpt\/index.php?rest_route=\/wp\/v2\/users\/4"}],"replies":[{"embeddable":true,"href":"https:\/\/www.jitkon.se\/wpt\/index.php?rest_route=%2Fwp%2Fv2%2Fcomments&post=170"}],"version-history":[{"count":7,"href":"https:\/\/www.jitkon.se\/wpt\/index.php?rest_route=\/wp\/v2\/pages\/170\/revisions"}],"predecessor-version":[{"id":299,"href":"https:\/\/www.jitkon.se\/wpt\/index.php?rest_route=\/wp\/v2\/pages\/170\/revisions\/299"}],"wp:attachment":[{"href":"https:\/\/www.jitkon.se\/wpt\/index.php?rest_route=%2Fwp%2Fv2%2Fmedia&parent=170"}],"curies":[{"name":"wp","href":"https:\/\/api.w.org\/{rel}","templated":true}]}}