{"id":112,"date":"2012-04-11T11:02:08","date_gmt":"2012-04-11T09:02:08","guid":{"rendered":"http:\/\/www.jitkon.se\/wpt\/?page_id=112"},"modified":"2022-11-01T10:25:55","modified_gmt":"2022-11-01T08:25:55","slug":"kunder","status":"publish","type":"page","link":"https:\/\/www.jitkon.se\/wpt\/?page_id=112","title":{"rendered":"Kunder"},"content":{"rendered":"<p>H\u00e4r \u00e4r en lista p\u00e5 n\u00e5gra av de kunder vi g\u00f6r uppdrag \u00e5t.<\/p>\n<ul>\n<li>AB \u00c5ngpannef\u00f6reningen<\/li>\n<li>AGA Gas AB<\/li>\n<li>ALSTOM Power Sweden AB<\/li>\n<li>AutSyde AB<\/li>\n<li>DigFab AB<\/li>\n<li>Elmacron AB<\/li>\n<li>EWAB Engineering AB<\/li>\n<li>Forsmarks Kraftgrupp AB<\/li>\n<li>Grontmij AB<\/li>\n<li>Holmen Paper Braviken<\/li>\n<li>Insyde AB<\/li>\n<li>K\u00e4ppalaf\u00f6rbundet<\/li>\n<li>Karlskoga Kraftv\u00e4rmeverk AB<\/li>\n<li>Korsn\u00e4s Fr\u00f6vi<\/li>\n<li>Metrima AB<\/li>\n<li>Office IT-Partner<\/li>\n<li>OKG AB<\/li>\n<li>Prevas AB<\/li>\n<li>RoundUp Systems AB<\/li>\n<li>Siemens industrial Turbomachinery AB<\/li>\n<li>SKB<\/li>\n<li>S\u00f6dra Cell M\u00f6nster\u00e5s<\/li>\n<li>Sweco AB<\/li>\n<li>Tigerliljan AB<\/li>\n<li>Vattenfall<\/li>\n<li>Westinghouse Electric Sweden AB<\/li>\n<li>\u00c5F-Process<\/li>\n<li>\u00c5F-Infrastruktur<\/li>\n<\/ul>\n","protected":false},"excerpt":{"rendered":"<p>H\u00e4r \u00e4r en lista p\u00e5 n\u00e5gra av de kunder vi g\u00f6r uppdrag \u00e5t. AB \u00c5ngpannef\u00f6reningen AGA Gas AB ALSTOM Power Sweden AB AutSyde AB DigFab AB Elmacron AB EWAB Engineering AB Forsmarks Kraftgrupp AB Grontmij AB Holmen Paper Braviken Insyde AB K\u00e4ppalaf\u00f6rbundet Karlskoga Kraftv\u00e4rmeverk AB Korsn\u00e4s Fr\u00f6vi Metrima AB Office IT-Partner OKG AB Prevas AB [&hellip;]<\/p>\n","protected":false},"author":1,"featured_media":0,"parent":0,"menu_order":7,"comment_status":"closed","ping_status":"open","template":"","meta":{"footnotes":""},"class_list":["post-112","page","type-page","status-publish","hentry"],"_links":{"self":[{"href":"https:\/\/www.jitkon.se\/wpt\/index.php?rest_route=\/wp\/v2\/pages\/112","targetHints":{"allow":["GET"]}}],"collection":[{"href":"https:\/\/www.jitkon.se\/wpt\/index.php?rest_route=\/wp\/v2\/pages"}],"about":[{"href":"https:\/\/www.jitkon.se\/wpt\/index.php?rest_route=\/wp\/v2\/types\/page"}],"author":[{"embeddable":true,"href":"https:\/\/www.jitkon.se\/wpt\/index.php?rest_route=\/wp\/v2\/users\/1"}],"replies":[{"embeddable":true,"href":"https:\/\/www.jitkon.se\/wpt\/index.php?rest_route=%2Fwp%2Fv2%2Fcomments&post=112"}],"version-history":[{"count":11,"href":"https:\/\/www.jitkon.se\/wpt\/index.php?rest_route=\/wp\/v2\/pages\/112\/revisions"}],"predecessor-version":[{"id":322,"href":"https:\/\/www.jitkon.se\/wpt\/index.php?rest_route=\/wp\/v2\/pages\/112\/revisions\/322"}],"wp:attachment":[{"href":"https:\/\/www.jitkon.se\/wpt\/index.php?rest_route=%2Fwp%2Fv2%2Fmedia&parent=112"}],"curies":[{"name":"wp","href":"https:\/\/api.w.org\/{rel}","templated":true}]}}