{"id":106,"date":"2012-04-11T10:58:31","date_gmt":"2012-04-11T08:58:31","guid":{"rendered":"http:\/\/www.jitkon.se\/wpt\/?page_id=106"},"modified":"2016-06-03T15:30:32","modified_gmt":"2016-06-03T13:30:32","slug":"historik","status":"publish","type":"page","link":"https:\/\/www.jitkon.se\/wpt\/?page_id=106","title":{"rendered":"Historik"},"content":{"rendered":"<h3>JitKon<\/h3>\n<p><strong>2005-07-15<\/strong> JitKon startade som enskild firma och flyttar in i VrinneviPark.<br \/>\n<strong>2005-10-01<\/strong> JitKon ombildas till JitKon AB.<br \/>\n<strong>2009-04-01<\/strong> JitKon flyttar till st\u00f6rre lokaler i VrinneviPark.<br \/>\n<strong>2013-08-13<\/strong> D\u00e5 vi mestadels sitter ute hos kund, s\u00e5 har vi avvecklat kontoret i VrinneviPark.<\/p>\n<h3>Tomas Jaksch<\/h3>\n<p><strong>1978-1980<\/strong> El-Tele gymnasieutbildning<br \/>\n<strong>1980-1981<\/strong> H\u00f6gre specialkurs i kommunikationselektronik<br \/>\n<strong>1980<\/strong> El-avdelningen Holmens Bruk<br \/>\n<strong>1981-1982<\/strong> L\u00e4rare El-Tele, Ebersteinska gymnasiet<br \/>\n<strong>1982-1988<\/strong> IT-Avdelningen Celpap AB<br \/>\n<strong>1988-1995<\/strong> Startade och drev f\u00f6retaget IDOK tillsamman med tre andra kollegor<br \/>\n<strong>1995-2004<\/strong> \u00c5F-Elteknik, Industriell IT<br \/>\n<strong>2004-2005<\/strong> AB \u00c5ngpannef\u00f6reningen, IT-Avdelningen<br \/>\n<strong>2005-<\/strong> Startar JitKon<\/p>\n","protected":false},"excerpt":{"rendered":"<p>JitKon 2005-07-15 JitKon startade som enskild firma och flyttar in i VrinneviPark. 2005-10-01 JitKon ombildas till JitKon AB. 2009-04-01 JitKon flyttar till st\u00f6rre lokaler i VrinneviPark. 2013-08-13 D\u00e5 vi mestadels sitter ute hos kund, s\u00e5 har vi avvecklat kontoret i VrinneviPark. Tomas Jaksch 1978-1980 El-Tele gymnasieutbildning 1980-1981 H\u00f6gre specialkurs i kommunikationselektronik 1980 El-avdelningen Holmens Bruk [&hellip;]<\/p>\n","protected":false},"author":1,"featured_media":0,"parent":0,"menu_order":3,"comment_status":"closed","ping_status":"open","template":"","meta":{"footnotes":""},"class_list":["post-106","page","type-page","status-publish","hentry"],"_links":{"self":[{"href":"https:\/\/www.jitkon.se\/wpt\/index.php?rest_route=\/wp\/v2\/pages\/106","targetHints":{"allow":["GET"]}}],"collection":[{"href":"https:\/\/www.jitkon.se\/wpt\/index.php?rest_route=\/wp\/v2\/pages"}],"about":[{"href":"https:\/\/www.jitkon.se\/wpt\/index.php?rest_route=\/wp\/v2\/types\/page"}],"author":[{"embeddable":true,"href":"https:\/\/www.jitkon.se\/wpt\/index.php?rest_route=\/wp\/v2\/users\/1"}],"replies":[{"embeddable":true,"href":"https:\/\/www.jitkon.se\/wpt\/index.php?rest_route=%2Fwp%2Fv2%2Fcomments&post=106"}],"version-history":[{"count":15,"href":"https:\/\/www.jitkon.se\/wpt\/index.php?rest_route=\/wp\/v2\/pages\/106\/revisions"}],"predecessor-version":[{"id":297,"href":"https:\/\/www.jitkon.se\/wpt\/index.php?rest_route=\/wp\/v2\/pages\/106\/revisions\/297"}],"wp:attachment":[{"href":"https:\/\/www.jitkon.se\/wpt\/index.php?rest_route=%2Fwp%2Fv2%2Fmedia&parent=106"}],"curies":[{"name":"wp","href":"https:\/\/api.w.org\/{rel}","templated":true}]}}